{"id":19,"date":"2023-03-03T22:19:25","date_gmt":"2023-03-03T22:19:25","guid":{"rendered":"https:\/\/ollo-production.com\/?page_id=19"},"modified":"2024-10-01T16:15:42","modified_gmt":"2024-10-01T16:15:42","slug":"ollo-production","status":"publish","type":"page","link":"https:\/\/ollo-production.com\/","title":{"rendered":"OLLO Production"},"content":{"rendered":"\t\t<div data-elementor-type=\"wp-page\" data-elementor-id=\"19\" class=\"elementor elementor-19\" data-elementor-post-type=\"page\">\n\t\t\t\t<div class=\"elementor-element elementor-element-a701c62 e-flex e-con-boxed e-con e-parent\" data-id=\"a701c62\" data-element_type=\"container\" data-e-type=\"container\">\n\t\t\t\t\t<div class=\"e-con-inner\">\n\t\t\t\t<div class=\"elementor-element elementor-element-3bc85ae elementor-widget elementor-widget-heading\" data-id=\"3bc85ae\" data-element_type=\"widget\" data-e-type=\"widget\" data-widget_type=\"heading.default\">\n\t\t\t\t\t<h2 class=\"elementor-heading-title elementor-size-default\">Agence OllO devient<\/h2>\t\t\t\t<\/div>\n\t\t\t\t<div class=\"elementor-element elementor-element-824c16d elementor-invisible elementor-widget elementor-widget-image\" data-id=\"824c16d\" data-element_type=\"widget\" data-e-type=\"widget\" data-settings=\"{&quot;_animation&quot;:&quot;fadeInRight&quot;}\" data-widget_type=\"image.default\">\n\t\t\t\t\t\t\t\t\t\t\t\t\t\t\t\t<a href=\"https:\/\/www.instagram.com\/olloproduction\" target=\"_blank\">\n\t\t\t\t\t\t\t<img fetchpriority=\"high\" decoding=\"async\" width=\"300\" height=\"300\" src=\"https:\/\/ollo-production.com\/wp-content\/uploads\/2023\/03\/OLLO-PRODUCTION-1.png\" class=\"elementor-animation-grow attachment-large size-large wp-image-32\" alt=\"\" srcset=\"https:\/\/ollo-production.com\/wp-content\/uploads\/2023\/03\/OLLO-PRODUCTION-1.png 300w, https:\/\/ollo-production.com\/wp-content\/uploads\/2023\/03\/OLLO-PRODUCTION-1-150x150.png 150w\" sizes=\"(max-width: 300px) 100vw, 300px\" \/>\t\t\t\t\t\t\t\t<\/a>\n\t\t\t\t\t\t\t\t\t\t\t\t\t\t\t<\/div>\n\t\t\t\t\t<\/div>\n\t\t\t\t<\/div>\n\t\t<div class=\"elementor-element elementor-element-96b09b0 e-flex e-con-boxed e-con e-parent\" data-id=\"96b09b0\" data-element_type=\"container\" data-e-type=\"container\">\n\t\t\t\t\t<div class=\"e-con-inner\">\n\t\t\t\t<div class=\"elementor-element elementor-element-55ab17e elementor-widget elementor-widget-heading\" data-id=\"55ab17e\" data-element_type=\"widget\" data-e-type=\"widget\" data-widget_type=\"heading.default\">\n\t\t\t\t\t<h2 class=\"elementor-heading-title elementor-size-default\">OllO Production Paris<\/h2>\t\t\t\t<\/div>\n\t\t\t\t\t<\/div>\n\t\t\t\t<\/div>\n\t\t<div class=\"elementor-element elementor-element-dea1452 e-flex e-con-boxed e-con e-parent\" data-id=\"dea1452\" data-element_type=\"container\" data-e-type=\"container\">\n\t\t\t\t\t<div class=\"e-con-inner\">\n\t\t\t\t<div class=\"elementor-element elementor-element-7a7a2dd elementor-widget elementor-widget-text-editor\" data-id=\"7a7a2dd\" data-element_type=\"widget\" data-e-type=\"widget\" data-widget_type=\"text-editor.default\">\n\t\t\t\t\t\t\t\t\t<p>Agence OllO n&rsquo;est plus officiellement depuis le 21 Avril dernier et est devenue OllO Production. on vous dit pourquoi ! la Pand\u00e9mie sur une trop longue p\u00e9riode, suivie de deux saisons avec des jauges public \u00e0 1000 puis 5000 personnes (bien trop faible capacit\u00e9) ne nous ont malheureusement pas permis de passer ce cap \u00e9conomique compliqu\u00e9. De plus, nous nous sommes retrouv\u00e9s non \u00e9ligibles \u00e0 l&rsquo;obtention des aides de l&rsquo;\u00e9tat pendant le Covid, nous sommes malheureusement nombreux \u00e0 avoir subi cette situation incompr\u00e9hensible, malgr\u00e9 l&rsquo;intervention du premier questeur de l&rsquo;assembl\u00e9e nationale ! Bref&#8230; La page est tourn\u00e9e. Comme vous l&rsquo;aurez remarqu\u00e9 l&rsquo; aventure continue avec deux modifications importantes Agence OllO est devenue OllO Production (@olloproduction sur instagram) sous une nouvelle forme juridique- SASU &#8211; nouveaux statuts en cours d&rsquo;\u00e9dition, la nouvelle \u00e9quipe est d\u00e9j\u00e0 sur le front. Nous ne manquerons pas de vous adresser l&rsquo;ensemble de nos nouvelles coordonn\u00e9es ainsi que le trombinoscope de la nouvelle team. Nous profitons de ce post afin de remercier nos collaborateurs, nos fid\u00e8les clients et fournisseurs avec qui nous travaillons pour certains d&rsquo;entre eux depuis 1995, d\u00e9j\u00e0, et avec qui nous poursuivons la route #ontour #onstage #ontheroadagain !!!! \ud83d\ude09 on vous donne rendez-vous au plus tard en Octobre (en attendant les statuts d\u00e9finitif et la constitution de l&rsquo;\u00e9quipe dirigeante qui sera plac\u00e9e sous la pr\u00e9sidence de Laurent (@lorenzodelaitre sur Instagram) Alors Suivez-nous sur instagram afin de ne rien manquer\u00a0 @olloproduction nouveau site on www.ollo-production.com nouveaux mails contact@ollo-production.com nouveau KBis disponible courant octobre. La passion et l&rsquo;envie de cr\u00e9er et r\u00e9aliser de beaux \u00e9v\u00e9nements, de grands concerts et projets artistes ensemble demeurent avec la m\u00eame intensit\u00e9 et passion depuis 1995&#8230;.Let&rsquo;s Go !!! \ud83d\ude80<\/p>\t\t\t\t\t\t\t\t<\/div>\n\t\t\t\t<div class=\"elementor-element elementor-element-1cc3116 elementor-align-center elementor-widget elementor-widget-button\" data-id=\"1cc3116\" data-element_type=\"widget\" data-e-type=\"widget\" data-widget_type=\"button.default\">\n\t\t\t\t\t\t\t\t\t\t<a class=\"elementor-button elementor-button-link elementor-size-sm\" href=\"mailto:contact@ollo-production.com\">\n\t\t\t\t\t\t<span class=\"elementor-button-content-wrapper\">\n\t\t\t\t\t\t\t\t\t<span class=\"elementor-button-text\">Contact<\/span>\n\t\t\t\t\t<\/span>\n\t\t\t\t\t<\/a>\n\t\t\t\t\t\t\t\t<\/div>\n\t\t\t\t\t<\/div>\n\t\t\t\t<\/div>\n\t\t\t\t<\/div>\n\t\t","protected":false},"excerpt":{"rendered":"<p>Agence OllO devient OllO Production Paris Agence OllO n&rsquo;est plus officiellement depuis le 21 Avril dernier et est devenue OllO Production. on vous dit pourquoi ! la Pand\u00e9mie sur une trop longue p\u00e9riode, suivie de deux saisons avec des jauges public \u00e0 1000 puis 5000 personnes (bien trop faible capacit\u00e9) ne nous ont malheureusement pas [&hellip;]<\/p>\n","protected":false},"author":2,"featured_media":0,"parent":0,"menu_order":0,"comment_status":"closed","ping_status":"closed","template":"elementor_canvas","meta":{"footnotes":""},"class_list":["post-19","page","type-page","status-publish","hentry"],"_links":{"self":[{"href":"https:\/\/ollo-production.com\/index.php?rest_route=\/wp\/v2\/pages\/19","targetHints":{"allow":["GET"]}}],"collection":[{"href":"https:\/\/ollo-production.com\/index.php?rest_route=\/wp\/v2\/pages"}],"about":[{"href":"https:\/\/ollo-production.com\/index.php?rest_route=\/wp\/v2\/types\/page"}],"author":[{"embeddable":true,"href":"https:\/\/ollo-production.com\/index.php?rest_route=\/wp\/v2\/users\/2"}],"replies":[{"embeddable":true,"href":"https:\/\/ollo-production.com\/index.php?rest_route=%2Fwp%2Fv2%2Fcomments&post=19"}],"version-history":[{"count":6,"href":"https:\/\/ollo-production.com\/index.php?rest_route=\/wp\/v2\/pages\/19\/revisions"}],"predecessor-version":[{"id":187,"href":"https:\/\/ollo-production.com\/index.php?rest_route=\/wp\/v2\/pages\/19\/revisions\/187"}],"wp:attachment":[{"href":"https:\/\/ollo-production.com\/index.php?rest_route=%2Fwp%2Fv2%2Fmedia&parent=19"}],"curies":[{"name":"wp","href":"https:\/\/api.w.org\/{rel}","templated":true}]}}